{"id":643,"date":"2017-10-17T03:31:07","date_gmt":"2017-10-17T03:31:07","guid":{"rendered":"https:\/\/slowlylife.wordpress.com\/?page_id=643"},"modified":"2025-12-18T19:13:16","modified_gmt":"2025-12-18T12:13:16","slug":"about-linh-chi","status":"publish","type":"page","link":"https:\/\/hoangthilinhchi.com\/?page_id=643","title":{"rendered":"Chi &#8211; being &#8220;Alittlebeasty&#8221;"},"content":{"rendered":"\n<ul class=\"wp-block-list\">\n<li>About Chi\n<ul class=\"wp-block-list\">\n<li>Twenty something<\/li>\n\n\n\n<li>A hopeless romantic<\/li>\n\n\n\n<li>Live in her own world<\/li>\n<\/ul>\n<\/li>\n\n\n\n<li>Motto: Stay hungry, stay foolish<\/li>\n<\/ul>\n\n\n\n<p>What &#8220;Alittlebeasty&#8221; means?<\/p>\n\n\n\n<p>(\u1ea1dj)<\/p>\n\n\n\n<p>&#8211; a little bit of &#8220;fierce&#8221; and &#8220;cute&#8221; mixing together<\/p>\n\n\n\n<p>Thanks for visiting my blog \ud83c\udf19<\/p>\n\n\n\n<p>From Chi with love \ud83d\udd06<\/p>\n","protected":false},"excerpt":{"rendered":"<p>M\u1ed9t v\u00e0i \u0111i\u1ec1u m\u00ecnh mu\u1ed1n nh\u1eafn \u0111\u1ebfn b\u1ea1n v\u00ec \u0111\u00e3 gh\u00e9 th\u0103m blog c\u1ee7a m\u00ecnh ^^<\/p>\n","protected":false},"author":1,"featured_media":3755,"parent":0,"menu_order":0,"comment_status":"open","ping_status":"closed","template":"","meta":{"footnotes":""},"class_list":["post-643","page","type-page","status-publish","has-post-thumbnail","hentry"],"jetpack-related-posts":[{"id":2817,"url":"https:\/\/hoangthilinhchi.com\/?page_id=2817","url_meta":{"origin":643,"position":0},"title":"About Chi","author":"alittlebeasty","date":"31\/03\/2021","format":false,"excerpt":"\u2605\u2605\u2605\u2605\u2605","rel":"","context":"Similar post","block_context":{"text":"Similar post","link":""},"img":{"alt_text":"","src":"https:\/\/i0.wp.com\/hoangthilinhchi.com\/wp-content\/uploads\/2021\/09\/2.png?resize=350%2C200&ssl=1","width":350,"height":200,"srcset":"https:\/\/i0.wp.com\/hoangthilinhchi.com\/wp-content\/uploads\/2021\/09\/2.png?resize=350%2C200&ssl=1 1x, https:\/\/i0.wp.com\/hoangthilinhchi.com\/wp-content\/uploads\/2021\/09\/2.png?resize=525%2C300&ssl=1 1.5x, https:\/\/i0.wp.com\/hoangthilinhchi.com\/wp-content\/uploads\/2021\/09\/2.png?resize=700%2C400&ssl=1 2x, https:\/\/i0.wp.com\/hoangthilinhchi.com\/wp-content\/uploads\/2021\/09\/2.png?resize=1050%2C600&ssl=1 3x, https:\/\/i0.wp.com\/hoangthilinhchi.com\/wp-content\/uploads\/2021\/09\/2.png?resize=1400%2C800&ssl=1 4x"},"classes":[]}],"jetpack_sharing_enabled":true,"_links":{"self":[{"href":"https:\/\/hoangthilinhchi.com\/index.php?rest_route=\/wp\/v2\/pages\/643","targetHints":{"allow":["GET"]}}],"collection":[{"href":"https:\/\/hoangthilinhchi.com\/index.php?rest_route=\/wp\/v2\/pages"}],"about":[{"href":"https:\/\/hoangthilinhchi.com\/index.php?rest_route=\/wp\/v2\/types\/page"}],"author":[{"embeddable":true,"href":"https:\/\/hoangthilinhchi.com\/index.php?rest_route=\/wp\/v2\/users\/1"}],"replies":[{"embeddable":true,"href":"https:\/\/hoangthilinhchi.com\/index.php?rest_route=%2Fwp%2Fv2%2Fcomments&post=643"}],"version-history":[{"count":19,"href":"https:\/\/hoangthilinhchi.com\/index.php?rest_route=\/wp\/v2\/pages\/643\/revisions"}],"predecessor-version":[{"id":4820,"href":"https:\/\/hoangthilinhchi.com\/index.php?rest_route=\/wp\/v2\/pages\/643\/revisions\/4820"}],"wp:featuredmedia":[{"embeddable":true,"href":"https:\/\/hoangthilinhchi.com\/index.php?rest_route=\/wp\/v2\/media\/3755"}],"wp:attachment":[{"href":"https:\/\/hoangthilinhchi.com\/index.php?rest_route=%2Fwp%2Fv2%2Fmedia&parent=643"}],"curies":[{"name":"wp","href":"https:\/\/api.w.org\/{rel}","templated":true}]}}